{"id":789,"date":"2021-03-27T13:05:27","date_gmt":"2021-03-27T13:05:27","guid":{"rendered":"https:\/\/shworks.eu\/?page_id=789"},"modified":"2021-03-27T13:11:39","modified_gmt":"2021-03-27T13:11:39","slug":"privatumo-politika-2","status":"publish","type":"page","link":"https:\/\/shworks.eu\/index.php\/privatumo-politika-2\/","title":{"rendered":"Privatumo politika"},"content":{"rendered":"\t\t<div data-elementor-type=\"wp-page\" data-elementor-id=\"789\" class=\"elementor elementor-789\" data-elementor-settings=\"[]\">\n\t\t\t\t\t\t\t<div class=\"elementor-section-wrap\">\n\t\t\t\t\t\t\t<section class=\"elementor-section elementor-top-section elementor-element elementor-element-d51be45 elementor-section-boxed elementor-section-height-default elementor-section-height-default\" data-id=\"d51be45\" data-element_type=\"section\">\n\t\t\t\t\t\t<div class=\"elementor-container elementor-column-gap-default\">\n\t\t\t\t\t<div class=\"elementor-column elementor-col-100 elementor-top-column elementor-element elementor-element-3a0107a\" data-id=\"3a0107a\" data-element_type=\"column\">\n\t\t\t<div class=\"elementor-widget-wrap elementor-element-populated\">\n\t\t\t\t\t\t\t\t<div class=\"elementor-element elementor-element-ea40860 elementor-widget elementor-widget-text-editor\" data-id=\"ea40860\" data-element_type=\"widget\" data-widget_type=\"text-editor.default\">\n\t\t\t\t<div class=\"elementor-widget-container\">\n\t\t\t\t\t<div class=\"elementor-text-editor elementor-clearfix\"><p>Kas mes esame M\u016bs\u0173 tinklalapio adresas yra: https:\/\/shworks.eu\/ Kokius asmeninius duomenis mes renkame ir kod\u0117l tai darome Komentarai Kai lankytojai ra\u0161o komentarus tinklalapyje, mes renkame duomenis, matomus komentaro paskelbimo formoje, o taip pat lankytojo IP adres\u0105 bei nar\u0161ykl\u0117s vartotojo \u012fra\u0161\u0105, kad apsisaugotume nuo brukal\u0173. I\u0161 J\u016bs\u0173 el.pa\u0161to adreso gali b\u016bti sugeneruotas anonimizuotas duomen\u0173 \u012fra\u0161as (angl. hash) ir pateiktas Gravatar paslaugos teik\u0117jui, norint patikrinti, ar J\u016bs naudojat\u0117s \u0161ia paslauga. Gravatar privatumo politika pateikiama \u010dia: https:\/\/automattic.com\/privacy\/. Patvirtinus J\u016bs\u0173 komentar\u0105, J\u016bs\u0173 profilio nuotrauka yra matoma vie\u0161ai \u0161alia J\u016bs\u0173 komentaro. Failai Jei \u012fkeliate nuotraukas \u012f tinklalap\u012f, tur\u0117tum\u0117te vengti \u012fkelti jas su i\u0161saugotais vietov\u0117s duomenimis (EXIF GPS). Tinklalapio lankytojai gali parsisi\u0173sti nuotraukas i\u0161 tinklalapio ir i\u0161 j\u0173 i\u0161gauti vietov\u0117s duomenis. Kontakt\u0173 formos Slapukai (cookies) Kai J\u016bs ra\u0161ote komentar\u0105 \u0161iame tinklalapyje, J\u016bs galite pasirinkti, ar norite, kad J\u016bs\u0173 vardas, el.pa\u0161tas ir tinklalapis b\u016bt\u0173 i\u0161saugotas slapukuose. Taip daroma J\u016bs\u0173 patogumui, kad Jums nereik\u0117t\u0173 \u0161i\u0173 duomen\u0173 suvedin\u0117ti i\u0161 naujo, kiekvien\u0105 kart\u0105 kai komentuojate. \u0160ie slapukai saugomi vienerius metus. Jei J\u016bs turite paskyr\u0105 ir prisijungiate m\u016bs\u0173 tinklalapyje, mes sukuriame laikin\u0105 slapuk\u0105, kuriame \u012fra\u0161oma, ar J\u016bs\u0173 nar\u0161ykl\u0117 priima slapukus. \u0160is slapukas nesaugo jokios asmenin\u0117s informacijos ir yra i\u0161trinamas kai u\u017edarote savo nar\u0161ykl\u0119. Kai J\u016bs prisijungiate, mes taip pat sukuriame kelis slapukus, kuriuose saugoma J\u016bs\u0173 prisijungimo informacija ir J\u016bs\u0173 ekrano rodymo pasirinkimai. Prisijungimo slapukai galioja 2 dienas, o ekrano nustatym\u0173 \u2013 vienerius metus. Jei J\u016bs pa\u017eymite pasirinkim\u0105 \u201cPrisiminti mane\u201d, J\u016bs\u0173 prisijungimo slapukas galios 2 savaites. Kai atsijungiate i\u0161 savo paskyros, prisijungimo slapukai i\u0161trinami. Jei redaguojate ar paskelbiate \u012fra\u0161\u0105, J\u016bs\u0173 nar\u0161ykl\u0117je i\u0161saugomas papildomas slapukas. \u0160is slapukas nesaugo asmenini\u0173 duomen\u0173, ta\u010diau i\u0161saugo \u012fra\u0161o, kur\u012f k\u0105 tik redagavote ar paskelb\u0117ti, ID. \u0160is slapukas baigia galioti po 1 dienos. I\u0161 kit\u0173 tinklalapi\u0173 \u012fkeltas turinys \u0160iame tinklalapyje gali b\u016bti i\u0161 kit\u0173 tinklalapio \u012fkelto turinio (pavyzd\u017eiui, video, paveiksl\u0117liai, tekstas ir pan.). Tokio \u012fkelto turinio per\u017ei\u016bra ir veiksmai su juo \u0161iame tinklalapyje prilygsta apsilankymui tuose tinklalapiuose, i\u0161 kuri\u0173 turinys yra \u012fkeltas. \u0160ie tinklalapiai gali rinkti duomenis apie Jus, naudoti slapukus (cookies), tre\u010di\u0173j\u0173 \u0161ali\u0173 sekimo paslaugas ir steb\u0117ti J\u016bs\u0173 veiksmus su \u012fkeltu turiniu, \u012fskaitant ir tuos atvejus, kai turite paskyr\u0105 ir esate prisijung\u0119s prie min\u0117t\u0173 tinklalapi\u0173.<\/p><\/div>\n\t\t\t\t<\/div>\n\t\t\t\t<\/div>\n\t\t\t\t\t<\/div>\n\t\t<\/div>\n\t\t\t\t\t\t\t<\/div>\n\t\t<\/section>\n\t\t\t\t\t\t<\/div>\n\t\t\t\t\t<\/div>\n\t\t","protected":false},"excerpt":{"rendered":"<p>Kas mes esame M\u016bs\u0173 tinklalapio adresas yra: https:\/\/shworks.eu\/ Kokius asmeninius duomenis mes renkame ir kod\u0117l tai darome Komentarai Kai lankytojai ra\u0161o komentarus tinklalapyje, mes renkame duomenis, matomus komentaro paskelbimo formoje, o taip pat lankytojo IP adres\u0105 bei nar\u0161ykl\u0117s vartotojo \u012fra\u0161\u0105, kad apsisaugotume nuo brukal\u0173. I\u0161 J\u016bs\u0173 el.pa\u0161to adreso gali b\u016bti sugeneruotas anonimizuotas duomen\u0173 \u012fra\u0161as (angl.&hellip;<\/p>\n","protected":false},"author":1,"featured_media":0,"parent":0,"menu_order":0,"comment_status":"closed","ping_status":"closed","template":"","meta":[],"_links":{"self":[{"href":"https:\/\/shworks.eu\/index.php\/wp-json\/wp\/v2\/pages\/789"}],"collection":[{"href":"https:\/\/shworks.eu\/index.php\/wp-json\/wp\/v2\/pages"}],"about":[{"href":"https:\/\/shworks.eu\/index.php\/wp-json\/wp\/v2\/types\/page"}],"author":[{"embeddable":true,"href":"https:\/\/shworks.eu\/index.php\/wp-json\/wp\/v2\/users\/1"}],"replies":[{"embeddable":true,"href":"https:\/\/shworks.eu\/index.php\/wp-json\/wp\/v2\/comments?post=789"}],"version-history":[{"count":7,"href":"https:\/\/shworks.eu\/index.php\/wp-json\/wp\/v2\/pages\/789\/revisions"}],"predecessor-version":[{"id":814,"href":"https:\/\/shworks.eu\/index.php\/wp-json\/wp\/v2\/pages\/789\/revisions\/814"}],"wp:attachment":[{"href":"https:\/\/shworks.eu\/index.php\/wp-json\/wp\/v2\/media?parent=789"}],"curies":[{"name":"wp","href":"https:\/\/api.w.org\/{rel}","templated":true}]}}