{"id":794,"date":"2021-03-27T13:08:01","date_gmt":"2021-03-27T13:08:01","guid":{"rendered":"https:\/\/shworks.eu\/?page_id=794"},"modified":"2021-03-27T13:11:07","modified_gmt":"2021-03-27T13:11:07","slug":"prekiu-grazinimo-salygos","status":"publish","type":"page","link":"https:\/\/shworks.eu\/index.php\/prekiu-grazinimo-salygos\/","title":{"rendered":"Preki\u0173 gr\u0105\u017einimo s\u0105lygos"},"content":{"rendered":"\t\t<div data-elementor-type=\"wp-page\" data-elementor-id=\"794\" class=\"elementor elementor-794\" data-elementor-settings=\"[]\">\n\t\t\t\t\t\t\t<div class=\"elementor-section-wrap\">\n\t\t\t\t\t\t\t<section class=\"elementor-section elementor-top-section elementor-element elementor-element-1cc4be0 elementor-section-boxed elementor-section-height-default elementor-section-height-default\" data-id=\"1cc4be0\" data-element_type=\"section\">\n\t\t\t\t\t\t<div class=\"elementor-container elementor-column-gap-default\">\n\t\t\t\t\t<div class=\"elementor-column elementor-col-100 elementor-top-column elementor-element elementor-element-216cd700\" data-id=\"216cd700\" data-element_type=\"column\">\n\t\t\t<div class=\"elementor-widget-wrap elementor-element-populated\">\n\t\t\t\t\t\t\t\t<div class=\"elementor-element elementor-element-58a1967f elementor-widget elementor-widget-text-editor\" data-id=\"58a1967f\" data-element_type=\"widget\" data-widget_type=\"text-editor.default\">\n\t\t\t\t<div class=\"elementor-widget-container\">\n\t\t\t\t\t<div class=\"elementor-text-editor elementor-clearfix\"><!-- wp:preformatted -->\n<pre class=\"wp-block-preformatted\"><\/pre>\n<!-- \/wp:preformatted --><\/div>\n\t\t\t\t<\/div>\n\t\t\t\t<\/div>\n\t\t\t\t\t<\/div>\n\t\t<\/div>\n\t\t\t\t\t\t\t<\/div>\n\t\t<\/section>\n\t\t\t\t<section class=\"elementor-section elementor-top-section elementor-element elementor-element-99f9609 elementor-section-boxed elementor-section-height-default elementor-section-height-default\" data-id=\"99f9609\" data-element_type=\"section\">\n\t\t\t\t\t\t<div class=\"elementor-container elementor-column-gap-default\">\n\t\t\t\t\t<div class=\"elementor-column elementor-col-100 elementor-top-column elementor-element elementor-element-5320500\" data-id=\"5320500\" data-element_type=\"column\">\n\t\t\t<div class=\"elementor-widget-wrap elementor-element-populated\">\n\t\t\t\t\t\t\t\t<div class=\"elementor-element elementor-element-f780be7 elementor-widget elementor-widget-text-editor\" data-id=\"f780be7\" data-element_type=\"widget\" data-widget_type=\"text-editor.default\">\n\t\t\t\t<div class=\"elementor-widget-container\">\n\t\t\t\t\t<div class=\"elementor-text-editor elementor-clearfix\"><p>Preki\u0173 gr\u0105\u017einimo s\u0105lygos:<\/p>\n<p>Nor\u0117dami gr\u0105\u017einti \u012fsigytas prekes, susisiekite su mumis el. pa\u0161tu arba telefonu.<\/p>\n<p>\u00a0<\/p>\n<p>Pateikite \u0161i\u0105 informacij\u0105:<\/p>\n<p>\u00a0<\/p>\n<p>\u00a0\u00a0\u00a0\u00a0 &#8211; prek\u0117s pavadinimas;<\/p>\n<p>\u00a0<\/p>\n<p>\u00a0\u00a0\u00a0\u00a0 &#8211; apmok\u0117jimo kvitas;<\/p>\n<p>\u00a0<\/p>\n<p>\u00a0\u00a0\u00a0\u00a0 &#8211; gr\u0105\u017einimo prie\u017eastis.<\/p>\n<p>\u00a0<\/p>\n<p>Gav\u0119 j\u016bs\u0173 prane\u0161im\u0105 susisieksime su jumis asmeni\u0161kai ir suderinsime gr\u0105\u017einimo tvark\u0105 ir s\u0105lygas.<\/p>\n<p>\u00a0<\/p>\n<p>Jums netikusias ir nekokybi\u0161kas prekes galima pakeisti arba gr\u0105\u017einti per 14 dien\u0173 nuo prek\u0117s pristatymo Pirkejui dienos, vadovaujantis \u016bkio ministro 2001m. bir\u017eelio 29 d. \u012fsakymu Nr. 217 \u201cD\u0117l Daikt\u0173 gr\u0105\u017einimo ir keitimo taisykli\u0173 patvirtinimo\u201d patvirtintomis Daikt\u0173 gr\u0105\u017einimo ir keitimo taisykl\u0117mis.<\/p>\n<p>\u00a0<\/p>\n<p>Preki\u0173 pristatymo pardav\u0117jui i\u0161laidas apmoka pirk\u0117jas.<\/p>\n<p>\u00a0<\/p>\n<p>\u00a0<\/p>\n<p>Nor\u0117damas gr\u0105\u017einti prek\u0119(es), Pirk\u0117jas privalo laikytis \u0161i\u0173 s\u0105lyg\u0173:<\/p>\n<ol>\n<li>Gr\u0105\u017einama prek\u0117 turi b\u016bti tvirtai supakuota.<\/li>\n<\/ol>\n<p>\u00a0<\/p>\n<ol start=\"2\">\n<li>Prek\u0117 turi b\u016bti Pirk\u0117jo nesugadinta;<\/li>\n<\/ol>\n<p>\u00a0<\/p>\n<ol start=\"3\">\n<li>Prek\u0117 turi b\u016bti nepraradusi prekin\u0117s i\u0161vaizdos, nesubrai\u017eytas pavir\u0161ius, \u0160is punktas netaikomas tuo atveju, kai gr\u0105\u017einama nekokybi\u0161ka prek\u0117 arba sulau\u017eyta prek\u0117 ne d\u0117l kliento kalt\u0117s. Prek\u0117s ar jos pakuot\u0117s i\u0161vaizdos pakeitim\u0173, kurie buvo b\u016btini norint ap\u017ei\u016br\u0117ti prek\u0119, negalima laikyti esminiais prek\u0117s i\u0161vaizdos pakeitimais;<\/li>\n<\/ol>\n<p>\u00a0<\/p>\n<ol start=\"4\">\n<li>Gr\u0105\u017einama prek\u0117 turi b\u016bti tos pa\u010dios komplektacijos, kokios buvo Pirk\u0117jo gauta;<\/li>\n<\/ol>\n<p>\u00a0<\/p>\n<ol start=\"5\">\n<li>Gr\u0105\u017einant prek\u0119 b\u016btina pateikti jos \u012fsigijimo dokument\u0105 (jei jis buvo i\u0161duotas) ir u\u017epildyt\u0105 gr\u0105\u017einimo dokument\u0105.<\/li>\n<\/ol>\n<p>\u00a0<\/p>\n<ol start=\"6\">\n<li>Jeigu Pardav\u0117jas \u012frodo, kad prek\u0117s tr\u016bkum\u0173 atsirado d\u0117l to, kad Pirk\u0117jas pa\u017eeid\u0117 prek\u0117s naudojimo ar saugojimo taisykles, tokia prek\u0117 nekei\u010diama, neatlygintinai tr\u016bkumai ne\u0161alinami ir pinigai negr\u0105\u017einami.<\/li>\n<\/ol>\n<p>\u00a0<\/p>\n<ol start=\"7\">\n<li>Kilus gin\u010dui d\u0117l prek\u0117s i\u0161vaizdos pakeitim\u0173 ar prek\u0117s sugadinimo, pardav\u0117jas privalo ra\u0161tu kreiptis \u012f Valstybin\u0119 ne maisto produkt\u0173 inspekcij\u0105, o gav\u0119s i\u0161 jos ra\u0161tu pateiktas i\u0161vadas nedelsdamas apie tai prane\u0161ti Pirk\u0117jui. \u012e kitas \u0161alis pristatome pagal atskir\u0105 susitarim\u0105, o kaina priklauso nuo pasirinkto pristatymo b\u016bdo. Jei pageidautum\u0117te tokios paslaugos, susisiekite su mumis ir nuspr\u0119sime, koks b\u016bdas b\u016bt\u0173 Jums patogiausias.<\/li>\n<\/ol>\n<p>\u00a0<\/p>\n<p>\u00a0<\/p><\/div>\n\t\t\t\t<\/div>\n\t\t\t\t<\/div>\n\t\t\t\t\t<\/div>\n\t\t<\/div>\n\t\t\t\t\t\t\t<\/div>\n\t\t<\/section>\n\t\t\t\t\t\t<\/div>\n\t\t\t\t\t<\/div>\n\t\t","protected":false},"excerpt":{"rendered":"<p>Preki\u0173 gr\u0105\u017einimo s\u0105lygos: Nor\u0117dami gr\u0105\u017einti \u012fsigytas prekes, susisiekite su mumis el. pa\u0161tu arba telefonu. \u00a0 Pateikite \u0161i\u0105 informacij\u0105: \u00a0 \u00a0\u00a0\u00a0\u00a0 &#8211; prek\u0117s pavadinimas; \u00a0 \u00a0\u00a0\u00a0\u00a0 &#8211; apmok\u0117jimo kvitas; \u00a0 \u00a0\u00a0\u00a0\u00a0 &#8211; gr\u0105\u017einimo prie\u017eastis. \u00a0 Gav\u0119 j\u016bs\u0173 prane\u0161im\u0105 susisieksime su jumis asmeni\u0161kai ir suderinsime gr\u0105\u017einimo tvark\u0105 ir s\u0105lygas. \u00a0 Jums netikusias ir nekokybi\u0161kas prekes galima pakeisti&hellip;<\/p>\n","protected":false},"author":1,"featured_media":0,"parent":0,"menu_order":0,"comment_status":"closed","ping_status":"closed","template":"","meta":[],"_links":{"self":[{"href":"https:\/\/shworks.eu\/index.php\/wp-json\/wp\/v2\/pages\/794"}],"collection":[{"href":"https:\/\/shworks.eu\/index.php\/wp-json\/wp\/v2\/pages"}],"about":[{"href":"https:\/\/shworks.eu\/index.php\/wp-json\/wp\/v2\/types\/page"}],"author":[{"embeddable":true,"href":"https:\/\/shworks.eu\/index.php\/wp-json\/wp\/v2\/users\/1"}],"replies":[{"embeddable":true,"href":"https:\/\/shworks.eu\/index.php\/wp-json\/wp\/v2\/comments?post=794"}],"version-history":[{"count":10,"href":"https:\/\/shworks.eu\/index.php\/wp-json\/wp\/v2\/pages\/794\/revisions"}],"predecessor-version":[{"id":811,"href":"https:\/\/shworks.eu\/index.php\/wp-json\/wp\/v2\/pages\/794\/revisions\/811"}],"wp:attachment":[{"href":"https:\/\/shworks.eu\/index.php\/wp-json\/wp\/v2\/media?parent=794"}],"curies":[{"name":"wp","href":"https:\/\/api.w.org\/{rel}","templated":true}]}}