{"id":231,"date":"2021-03-11T10:40:37","date_gmt":"2021-03-11T10:40:37","guid":{"rendered":"http:\/\/shworks.eu\/?post_type=product&#038;p=231"},"modified":"2022-11-04T09:18:27","modified_gmt":"2022-11-04T09:18:27","slug":"bmw-e36-kapotas-variklio-dangtis-vienpusis-sutvirtintas-kupe-kabrioletas","status":"publish","type":"product","link":"https:\/\/shworks.eu\/index.php\/produktas\/bmw-e36-kapotas-variklio-dangtis-vienpusis-sutvirtintas-kupe-kabrioletas\/","title":{"rendered":"BMW E36 KAPOTAS, VARIKLIO DANGTIS (VIENPUSIS SUTVIRTINTAS)  KUP\u0116\/KABRIOLETAS"},"content":{"rendered":"<h3><\/h3>\n","protected":false},"excerpt":{"rendered":"<p>Kapotas pagamintas i\u0161 auk\u0161tos kokyb\u0117s FRP\/stiklo pluo\u0161to materialo, lengvas, tvirtas ir puikiai tinkantis prie automobilio. Gaminys yra skirtas tik sportiniams automobiliams, nes neturi vidin\u0117s pus\u0117s tvirtinimo viet\u0173. Tvirtinasi tik su \u201esportiniais u\u017eraktais\u201c. Originalios detal\u0117s kopija.<\/p>\n","protected":false},"featured_media":261,"comment_status":"open","ping_status":"closed","template":"","meta":[],"_links":{"self":[{"href":"https:\/\/shworks.eu\/index.php\/wp-json\/wp\/v2\/product\/231"}],"collection":[{"href":"https:\/\/shworks.eu\/index.php\/wp-json\/wp\/v2\/product"}],"about":[{"href":"https:\/\/shworks.eu\/index.php\/wp-json\/wp\/v2\/types\/product"}],"replies":[{"embeddable":true,"href":"https:\/\/shworks.eu\/index.php\/wp-json\/wp\/v2\/comments?post=231"}],"wp:featuredmedia":[{"embeddable":true,"href":"https:\/\/shworks.eu\/index.php\/wp-json\/wp\/v2\/media\/261"}],"wp:attachment":[{"href":"https:\/\/shworks.eu\/index.php\/wp-json\/wp\/v2\/media?parent=231"}],"curies":[{"name":"wp","href":"https:\/\/api.w.org\/{rel}","templated":true}]}}