{"id":232,"date":"2021-03-11T09:40:37","date_gmt":"2021-03-11T09:40:37","guid":{"rendered":"http:\/\/shworks.eu\/?post_type=product&#038;p=232"},"modified":"2025-03-20T12:06:45","modified_gmt":"2025-03-20T12:06:45","slug":"bmw-e36-kupe-bagazines-dangtis-vienpusis","status":"publish","type":"product","link":"https:\/\/shworks.eu\/index.php\/produktas\/bmw-e36-kupe-bagazines-dangtis-vienpusis\/","title":{"rendered":"BMW E36 KUP\u0116 BAGA\u017dIN\u0116S DANGTIS (VIENPUSIS, SUTVIRTINTAS)"},"content":{"rendered":"<pre><\/pre>\n","protected":false},"excerpt":{"rendered":"","protected":false},"featured_media":270,"comment_status":"open","ping_status":"closed","template":"","meta":[],"_links":{"self":[{"href":"https:\/\/shworks.eu\/index.php\/wp-json\/wp\/v2\/product\/232"}],"collection":[{"href":"https:\/\/shworks.eu\/index.php\/wp-json\/wp\/v2\/product"}],"about":[{"href":"https:\/\/shworks.eu\/index.php\/wp-json\/wp\/v2\/types\/product"}],"replies":[{"embeddable":true,"href":"https:\/\/shworks.eu\/index.php\/wp-json\/wp\/v2\/comments?post=232"}],"wp:featuredmedia":[{"embeddable":true,"href":"https:\/\/shworks.eu\/index.php\/wp-json\/wp\/v2\/media\/270"}],"wp:attachment":[{"href":"https:\/\/shworks.eu\/index.php\/wp-json\/wp\/v2\/media?parent=232"}],"curies":[{"name":"wp","href":"https:\/\/api.w.org\/{rel}","templated":true}]}}