{"id":233,"date":"2021-03-11T09:40:37","date_gmt":"2021-03-11T09:40:37","guid":{"rendered":"http:\/\/shworks.eu\/?post_type=product&#038;p=233"},"modified":"2025-03-20T12:07:44","modified_gmt":"2025-03-20T12:07:44","slug":"bmw-e36-kupe-bagazines-dangtis-dvipusis","status":"publish","type":"product","link":"https:\/\/shworks.eu\/index.php\/produktas\/bmw-e36-kupe-bagazines-dangtis-dvipusis\/","title":{"rendered":"BMW E36 KUP\u0116 BAGA\u017dIN\u0116S DANGTIS (DVIPUSIS)"},"content":{"rendered":"","protected":false},"excerpt":{"rendered":"<p>Baga\u017ein\u0117 pagaminta i\u0161 auk\u0161tos kokyb\u0117s FRP\/stiklo pluo\u0161to materialo, lengva, tvirta ir puikiai tinkanti prie automobilio. Gaminys tinkantis tiek sportui, tiek kasdienai, turintis tvirtinimus baga\u017ein\u0117s amortizatoriams bei spynai. Originalios detal\u0117s kopija.<\/p>\n","protected":false},"featured_media":275,"comment_status":"open","ping_status":"closed","template":"","meta":[],"_links":{"self":[{"href":"https:\/\/shworks.eu\/index.php\/wp-json\/wp\/v2\/product\/233"}],"collection":[{"href":"https:\/\/shworks.eu\/index.php\/wp-json\/wp\/v2\/product"}],"about":[{"href":"https:\/\/shworks.eu\/index.php\/wp-json\/wp\/v2\/types\/product"}],"replies":[{"embeddable":true,"href":"https:\/\/shworks.eu\/index.php\/wp-json\/wp\/v2\/comments?post=233"}],"wp:featuredmedia":[{"embeddable":true,"href":"https:\/\/shworks.eu\/index.php\/wp-json\/wp\/v2\/media\/275"}],"wp:attachment":[{"href":"https:\/\/shworks.eu\/index.php\/wp-json\/wp\/v2\/media?parent=233"}],"curies":[{"name":"wp","href":"https:\/\/api.w.org\/{rel}","templated":true}]}}