{"id":240,"date":"2021-03-11T09:40:38","date_gmt":"2021-03-11T09:40:38","guid":{"rendered":"http:\/\/shworks.eu\/?post_type=product&#038;p=240"},"modified":"2025-03-26T10:03:28","modified_gmt":"2025-03-26T10:03:28","slug":"bmw-e30-bagazines-dangtis-vienpusis-kupe-sedanas-kabrioletas","status":"publish","type":"product","link":"https:\/\/shworks.eu\/index.php\/produktas\/bmw-e30-bagazines-dangtis-vienpusis-kupe-sedanas-kabrioletas\/","title":{"rendered":"BMW E30 BAGA\u017dIN\u0116S DANGTIS (VIENPUSIS) KUP\u0116\/SEDANAS\/KABRIOLETAS"},"content":{"rendered":"","protected":false},"excerpt":{"rendered":"","protected":false},"featured_media":338,"comment_status":"open","ping_status":"closed","template":"","meta":[],"_links":{"self":[{"href":"https:\/\/shworks.eu\/index.php\/wp-json\/wp\/v2\/product\/240"}],"collection":[{"href":"https:\/\/shworks.eu\/index.php\/wp-json\/wp\/v2\/product"}],"about":[{"href":"https:\/\/shworks.eu\/index.php\/wp-json\/wp\/v2\/types\/product"}],"replies":[{"embeddable":true,"href":"https:\/\/shworks.eu\/index.php\/wp-json\/wp\/v2\/comments?post=240"}],"wp:featuredmedia":[{"embeddable":true,"href":"https:\/\/shworks.eu\/index.php\/wp-json\/wp\/v2\/media\/338"}],"wp:attachment":[{"href":"https:\/\/shworks.eu\/index.php\/wp-json\/wp\/v2\/media?parent=240"}],"curies":[{"name":"wp","href":"https:\/\/api.w.org\/{rel}","templated":true}]}}