{"id":245,"date":"2021-03-11T09:40:38","date_gmt":"2021-03-11T09:40:38","guid":{"rendered":"http:\/\/shworks.eu\/?post_type=product&#038;p=245"},"modified":"2025-03-20T12:06:27","modified_gmt":"2025-03-20T12:06:27","slug":"bmw-e30-mtech-1-priekinis-bamperis-kupe-kabrioletas-sedanas","status":"publish","type":"product","link":"https:\/\/shworks.eu\/index.php\/produktas\/bmw-e30-mtech-1-priekinis-bamperis-kupe-kabrioletas-sedanas\/","title":{"rendered":"BMW E30 \u201eMTECH 1\u201c PRIEKINIS BAMPERIS. KUP\u0116\/KABRIOLETAS\/SEDANAS"},"content":{"rendered":"","protected":false},"excerpt":{"rendered":"<p>pagamintas i\u0161 auk\u0161tos kokyb\u0117s frp materialo, lengvas, tvirtas, bei puikiai priglundantis prie automobilio form\u0173.<\/p>\n","protected":false},"featured_media":368,"comment_status":"open","ping_status":"closed","template":"","meta":[],"_links":{"self":[{"href":"https:\/\/shworks.eu\/index.php\/wp-json\/wp\/v2\/product\/245"}],"collection":[{"href":"https:\/\/shworks.eu\/index.php\/wp-json\/wp\/v2\/product"}],"about":[{"href":"https:\/\/shworks.eu\/index.php\/wp-json\/wp\/v2\/types\/product"}],"replies":[{"embeddable":true,"href":"https:\/\/shworks.eu\/index.php\/wp-json\/wp\/v2\/comments?post=245"}],"wp:featuredmedia":[{"embeddable":true,"href":"https:\/\/shworks.eu\/index.php\/wp-json\/wp\/v2\/media\/368"}],"wp:attachment":[{"href":"https:\/\/shworks.eu\/index.php\/wp-json\/wp\/v2\/media?parent=245"}],"curies":[{"name":"wp","href":"https:\/\/api.w.org\/{rel}","templated":true}]}}