{"id":246,"date":"2021-03-11T09:40:38","date_gmt":"2021-03-11T09:40:38","guid":{"rendered":"http:\/\/shworks.eu\/?post_type=product&#038;p=246"},"modified":"2022-11-04T09:45:32","modified_gmt":"2022-11-04T09:45:32","slug":"bmw-e30-mtech-1-galinio-bamperio-pazeminimas-lupa-kupe-kabrioletas-sedanas","status":"publish","type":"product","link":"https:\/\/shworks.eu\/index.php\/produktas\/bmw-e30-mtech-1-galinio-bamperio-pazeminimas-lupa-kupe-kabrioletas-sedanas\/","title":{"rendered":"BMW E30 \u201eMTECH 1\u201c GALINIO BAMPERIO PA\u017dEMINIMAS, L\u016aPA. KUP\u0116\/KABRIOLETAS\/SEDANAS"},"content":{"rendered":"","protected":false},"excerpt":{"rendered":"<p>originalios dalies kopija pagaminta i\u0161 auk\u0161tos kokyb\u0117s frp materialo, lengvas, tvirtas, bei puikiai priglundantis prie automobilio formu.<\/p>\n","protected":false},"featured_media":372,"comment_status":"open","ping_status":"closed","template":"","meta":[],"_links":{"self":[{"href":"https:\/\/shworks.eu\/index.php\/wp-json\/wp\/v2\/product\/246"}],"collection":[{"href":"https:\/\/shworks.eu\/index.php\/wp-json\/wp\/v2\/product"}],"about":[{"href":"https:\/\/shworks.eu\/index.php\/wp-json\/wp\/v2\/types\/product"}],"replies":[{"embeddable":true,"href":"https:\/\/shworks.eu\/index.php\/wp-json\/wp\/v2\/comments?post=246"}],"wp:featuredmedia":[{"embeddable":true,"href":"https:\/\/shworks.eu\/index.php\/wp-json\/wp\/v2\/media\/372"}],"wp:attachment":[{"href":"https:\/\/shworks.eu\/index.php\/wp-json\/wp\/v2\/media?parent=246"}],"curies":[{"name":"wp","href":"https:\/\/api.w.org\/{rel}","templated":true}]}}