{"id":251,"date":"2021-03-11T09:40:39","date_gmt":"2021-03-11T09:40:39","guid":{"rendered":"http:\/\/shworks.eu\/?post_type=product&#038;p=251"},"modified":"2025-03-20T12:00:17","modified_gmt":"2025-03-20T12:00:17","slug":"galine-dalis-ketvirciai-galine-skarda-nissan-s13-200sx-240sx-180sx","status":"publish","type":"product","link":"https:\/\/shworks.eu\/index.php\/produktas\/galine-dalis-ketvirciai-galine-skarda-nissan-s13-200sx-240sx-180sx\/","title":{"rendered":"GALIN\u0116 DALIS (KETVIR\u010cIAI, GALIN\u0116 SKARDA) NISSAN S13\/200SX\/240SX\/180SX"},"content":{"rendered":"","protected":false},"excerpt":{"rendered":"<p>standartines automobilio galines dalies kopija, pagaminta i\u0161 auk\u0161tos kokyb\u0117s FRP materialo. Siuntimas galimas tik pjaunant per pus, ties galine skarda, pilnos dalies atsiemimas \u0160ven\u010dion\u0117liuose.<\/p>\n","protected":false},"featured_media":389,"comment_status":"open","ping_status":"closed","template":"","meta":[],"_links":{"self":[{"href":"https:\/\/shworks.eu\/index.php\/wp-json\/wp\/v2\/product\/251"}],"collection":[{"href":"https:\/\/shworks.eu\/index.php\/wp-json\/wp\/v2\/product"}],"about":[{"href":"https:\/\/shworks.eu\/index.php\/wp-json\/wp\/v2\/types\/product"}],"replies":[{"embeddable":true,"href":"https:\/\/shworks.eu\/index.php\/wp-json\/wp\/v2\/comments?post=251"}],"wp:featuredmedia":[{"embeddable":true,"href":"https:\/\/shworks.eu\/index.php\/wp-json\/wp\/v2\/media\/389"}],"wp:attachment":[{"href":"https:\/\/shworks.eu\/index.php\/wp-json\/wp\/v2\/media?parent=251"}],"curies":[{"name":"wp","href":"https:\/\/api.w.org\/{rel}","templated":true}]}}