{"id":258,"date":"2021-03-11T09:40:39","date_gmt":"2021-03-11T09:40:39","guid":{"rendered":"http:\/\/shworks.eu\/?post_type=product&#038;p=258"},"modified":"2025-03-20T12:03:23","modified_gmt":"2025-03-20T12:03:23","slug":"soniniu-langu-dangteliai-su-oro-paemimu-nissan-s13-200sx-240sx-180sx","status":"publish","type":"product","link":"https:\/\/shworks.eu\/index.php\/produktas\/soniniu-langu-dangteliai-su-oro-paemimu-nissan-s13-200sx-240sx-180sx\/","title":{"rendered":"\u0160ONINI\u0172 LANG\u0172 DANGTELIAI SU ORO PA\u0116MIMU  NISSAN S13\/200SX\/240SX\/180SX"},"content":{"rendered":"","protected":false},"excerpt":{"rendered":"","protected":false},"featured_media":439,"comment_status":"open","ping_status":"closed","template":"","meta":[],"_links":{"self":[{"href":"https:\/\/shworks.eu\/index.php\/wp-json\/wp\/v2\/product\/258"}],"collection":[{"href":"https:\/\/shworks.eu\/index.php\/wp-json\/wp\/v2\/product"}],"about":[{"href":"https:\/\/shworks.eu\/index.php\/wp-json\/wp\/v2\/types\/product"}],"replies":[{"embeddable":true,"href":"https:\/\/shworks.eu\/index.php\/wp-json\/wp\/v2\/comments?post=258"}],"wp:featuredmedia":[{"embeddable":true,"href":"https:\/\/shworks.eu\/index.php\/wp-json\/wp\/v2\/media\/439"}],"wp:attachment":[{"href":"https:\/\/shworks.eu\/index.php\/wp-json\/wp\/v2\/media?parent=258"}],"curies":[{"name":"wp","href":"https:\/\/api.w.org\/{rel}","templated":true}]}}