{"id":259,"date":"2021-03-11T09:40:39","date_gmt":"2021-03-11T09:40:39","guid":{"rendered":"http:\/\/shworks.eu\/?post_type=product&#038;p=259"},"modified":"2025-03-20T12:03:06","modified_gmt":"2025-03-20T12:03:06","slug":"priekiniu-zibintu-dangteliai-nissan-ps13-silvia-lr","status":"publish","type":"product","link":"https:\/\/shworks.eu\/index.php\/produktas\/priekiniu-zibintu-dangteliai-nissan-ps13-silvia-lr\/","title":{"rendered":"PRIEKINI\u0172 \u017dIBINT\u0172 DANGTELIAI NISSAN PS13 SILVIA LR"},"content":{"rendered":"","protected":false},"excerpt":{"rendered":"","protected":false},"featured_media":448,"comment_status":"open","ping_status":"closed","template":"","meta":[],"_links":{"self":[{"href":"https:\/\/shworks.eu\/index.php\/wp-json\/wp\/v2\/product\/259"}],"collection":[{"href":"https:\/\/shworks.eu\/index.php\/wp-json\/wp\/v2\/product"}],"about":[{"href":"https:\/\/shworks.eu\/index.php\/wp-json\/wp\/v2\/types\/product"}],"replies":[{"embeddable":true,"href":"https:\/\/shworks.eu\/index.php\/wp-json\/wp\/v2\/comments?post=259"}],"wp:featuredmedia":[{"embeddable":true,"href":"https:\/\/shworks.eu\/index.php\/wp-json\/wp\/v2\/media\/448"}],"wp:attachment":[{"href":"https:\/\/shworks.eu\/index.php\/wp-json\/wp\/v2\/media?parent=259"}],"curies":[{"name":"wp","href":"https:\/\/api.w.org\/{rel}","templated":true}]}}