{"id":260,"date":"2021-03-11T09:40:39","date_gmt":"2021-03-11T09:40:39","guid":{"rendered":"http:\/\/shworks.eu\/?post_type=product&#038;p=260"},"modified":"2022-02-01T10:12:18","modified_gmt":"2022-02-01T10:12:18","slug":"galine-dalis-ketvirciai-galine-skarda-nissan-ps13-silvia","status":"publish","type":"product","link":"https:\/\/shworks.eu\/index.php\/produktas\/galine-dalis-ketvirciai-galine-skarda-nissan-ps13-silvia\/","title":{"rendered":"GALIN\u0116 DALIS (KETVIR\u010cIAI, GALIN\u0116 SKARDA) NISSAN PS13 SILVIA"},"content":{"rendered":"","protected":false},"excerpt":{"rendered":"","protected":false},"featured_media":0,"comment_status":"open","ping_status":"closed","template":"","meta":[],"_links":{"self":[{"href":"https:\/\/shworks.eu\/index.php\/wp-json\/wp\/v2\/product\/260"}],"collection":[{"href":"https:\/\/shworks.eu\/index.php\/wp-json\/wp\/v2\/product"}],"about":[{"href":"https:\/\/shworks.eu\/index.php\/wp-json\/wp\/v2\/types\/product"}],"replies":[{"embeddable":true,"href":"https:\/\/shworks.eu\/index.php\/wp-json\/wp\/v2\/comments?post=260"}],"wp:attachment":[{"href":"https:\/\/shworks.eu\/index.php\/wp-json\/wp\/v2\/media?parent=260"}],"curies":[{"name":"wp","href":"https:\/\/api.w.org\/{rel}","templated":true}]}}