{"id":288,"date":"2021-03-11T09:42:18","date_gmt":"2021-03-11T09:42:18","guid":{"rendered":"http:\/\/shworks.eu\/?post_type=product&#038;p=288"},"modified":"2025-03-20T11:59:21","modified_gmt":"2025-03-20T11:59:21","slug":"slenksciu-pazeminimai-poslenksciai-bmw-5-serija-e60-m5","status":"publish","type":"product","link":"https:\/\/shworks.eu\/index.php\/produktas\/slenksciu-pazeminimai-poslenksciai-bmw-5-serija-e60-m5\/","title":{"rendered":"SLENKS\u010cI\u0172 PA\u017dEMINIMAI, POSLENKS\u010cIAI BMW 5 SERIJA E60 M5"},"content":{"rendered":"","protected":false},"excerpt":{"rendered":"","protected":false},"featured_media":463,"comment_status":"open","ping_status":"closed","template":"","meta":[],"_links":{"self":[{"href":"https:\/\/shworks.eu\/index.php\/wp-json\/wp\/v2\/product\/288"}],"collection":[{"href":"https:\/\/shworks.eu\/index.php\/wp-json\/wp\/v2\/product"}],"about":[{"href":"https:\/\/shworks.eu\/index.php\/wp-json\/wp\/v2\/types\/product"}],"replies":[{"embeddable":true,"href":"https:\/\/shworks.eu\/index.php\/wp-json\/wp\/v2\/comments?post=288"}],"wp:featuredmedia":[{"embeddable":true,"href":"https:\/\/shworks.eu\/index.php\/wp-json\/wp\/v2\/media\/463"}],"wp:attachment":[{"href":"https:\/\/shworks.eu\/index.php\/wp-json\/wp\/v2\/media?parent=288"}],"curies":[{"name":"wp","href":"https:\/\/api.w.org\/{rel}","templated":true}]}}