{"id":289,"date":"2021-03-11T09:42:18","date_gmt":"2021-03-11T09:42:18","guid":{"rendered":"http:\/\/shworks.eu\/?post_type=product&#038;p=289"},"modified":"2025-03-20T11:59:37","modified_gmt":"2025-03-20T11:59:37","slug":"bagazines-spoileris-drag-stiliaus-bmw-e36-kupe-kabrioletas-sedanas-hecbekas","status":"publish","type":"product","link":"https:\/\/shworks.eu\/index.php\/produktas\/bagazines-spoileris-drag-stiliaus-bmw-e36-kupe-kabrioletas-sedanas-hecbekas\/","title":{"rendered":"BAGA\u017dIN\u0116S SPOILERIS &#8220;DRAG STILIAUS&#8221; BMW E36 KUP\u0116\/KABRIOLETAS\/SEDANAS\/HE\u010cBEKAS"},"content":{"rendered":"","protected":false},"excerpt":{"rendered":"","protected":false},"featured_media":466,"comment_status":"open","ping_status":"closed","template":"","meta":[],"_links":{"self":[{"href":"https:\/\/shworks.eu\/index.php\/wp-json\/wp\/v2\/product\/289"}],"collection":[{"href":"https:\/\/shworks.eu\/index.php\/wp-json\/wp\/v2\/product"}],"about":[{"href":"https:\/\/shworks.eu\/index.php\/wp-json\/wp\/v2\/types\/product"}],"replies":[{"embeddable":true,"href":"https:\/\/shworks.eu\/index.php\/wp-json\/wp\/v2\/comments?post=289"}],"wp:featuredmedia":[{"embeddable":true,"href":"https:\/\/shworks.eu\/index.php\/wp-json\/wp\/v2\/media\/466"}],"wp:attachment":[{"href":"https:\/\/shworks.eu\/index.php\/wp-json\/wp\/v2\/media?parent=289"}],"curies":[{"name":"wp","href":"https:\/\/api.w.org\/{rel}","templated":true}]}}