{"id":319,"date":"2021-03-11T09:43:30","date_gmt":"2021-03-11T09:43:30","guid":{"rendered":"http:\/\/shworks.eu\/?post_type=product&#038;p=319"},"modified":"2025-03-20T11:58:51","modified_gmt":"2025-03-20T11:58:51","slug":"bagazines-spoileris-e30-m3-evo-standartiniam-bagazines-dangciui","status":"publish","type":"product","link":"https:\/\/shworks.eu\/index.php\/produktas\/bagazines-spoileris-e30-m3-evo-standartiniam-bagazines-dangciui\/","title":{"rendered":"BAGA\u017dIN\u0116S SPOILERIS E30 &#8220;M3 EVO SU FLIPU&#8221; (STANDARTINIAM BAGA\u017dIN\u0116S DANG\u010cIUI)"},"content":{"rendered":"","protected":false},"excerpt":{"rendered":"","protected":false},"featured_media":343,"comment_status":"open","ping_status":"closed","template":"","meta":[],"_links":{"self":[{"href":"https:\/\/shworks.eu\/index.php\/wp-json\/wp\/v2\/product\/319"}],"collection":[{"href":"https:\/\/shworks.eu\/index.php\/wp-json\/wp\/v2\/product"}],"about":[{"href":"https:\/\/shworks.eu\/index.php\/wp-json\/wp\/v2\/types\/product"}],"replies":[{"embeddable":true,"href":"https:\/\/shworks.eu\/index.php\/wp-json\/wp\/v2\/comments?post=319"}],"wp:featuredmedia":[{"embeddable":true,"href":"https:\/\/shworks.eu\/index.php\/wp-json\/wp\/v2\/media\/343"}],"wp:attachment":[{"href":"https:\/\/shworks.eu\/index.php\/wp-json\/wp\/v2\/media?parent=319"}],"curies":[{"name":"wp","href":"https:\/\/api.w.org\/{rel}","templated":true}]}}