{"id":345,"date":"2021-03-11T09:44:40","date_gmt":"2021-03-11T09:44:40","guid":{"rendered":"http:\/\/shworks.eu\/?post_type=product&#038;p=345"},"modified":"2025-03-20T11:57:51","modified_gmt":"2025-03-20T11:57:51","slug":"galine-dalis-ketvirciai-galine-skarda-wide-bodykit-55-bmw-e30","status":"publish","type":"product","link":"https:\/\/shworks.eu\/index.php\/produktas\/galine-dalis-ketvirciai-galine-skarda-wide-bodykit-55-bmw-e30\/","title":{"rendered":"GALIN\u0116 DALIS (KETVIR\u010cIAI, GALIN\u0116 SKARDA) &#8220;WIDE BODYKIT +55&#8221; BMW E30"},"content":{"rendered":"","protected":false},"excerpt":{"rendered":"","protected":false},"featured_media":495,"comment_status":"open","ping_status":"closed","template":"","meta":[],"_links":{"self":[{"href":"https:\/\/shworks.eu\/index.php\/wp-json\/wp\/v2\/product\/345"}],"collection":[{"href":"https:\/\/shworks.eu\/index.php\/wp-json\/wp\/v2\/product"}],"about":[{"href":"https:\/\/shworks.eu\/index.php\/wp-json\/wp\/v2\/types\/product"}],"replies":[{"embeddable":true,"href":"https:\/\/shworks.eu\/index.php\/wp-json\/wp\/v2\/comments?post=345"}],"wp:featuredmedia":[{"embeddable":true,"href":"https:\/\/shworks.eu\/index.php\/wp-json\/wp\/v2\/media\/495"}],"wp:attachment":[{"href":"https:\/\/shworks.eu\/index.php\/wp-json\/wp\/v2\/media?parent=345"}],"curies":[{"name":"wp","href":"https:\/\/api.w.org\/{rel}","templated":true}]}}