{"id":383,"date":"2021-03-11T10:46:48","date_gmt":"2021-03-11T10:46:48","guid":{"rendered":"http:\/\/shworks.eu\/?post_type=product&#038;p=383"},"modified":"2025-03-20T11:51:31","modified_gmt":"2025-03-20T11:51:31","slug":"galine-dalis-ketvirciai-galine-skarda-m3-e46-kupe","status":"publish","type":"product","link":"https:\/\/shworks.eu\/index.php\/produktas\/galine-dalis-ketvirciai-galine-skarda-m3-e46-kupe\/","title":{"rendered":"GALIN\u0116 DALIS (KETVIR\u010cIAI, GALIN\u0116 SKARDA &#8220;M3 E46&#8221; KUP\u0116"},"content":{"rendered":"","protected":false},"excerpt":{"rendered":"<p>BMW e46 m3 galin\u0117s org dalies kopija, pagaminta i\u0161 auk\u0161tos kokyb\u0117s FRP materialo, lengva, tvirta, bei puikiai priglundanti prie automobilio form\u0173. Siuntimas galimas tik perpjovus per galin\u0117s juostos vidur\u012f. Galimas atsiemimas \u0160ven\u010dion\u0117liuose, d\u0117l atsiemimo susisiekite el. pa\u0161tu: shworksfiber@gmail.com<\/p>\n","protected":false},"featured_media":533,"comment_status":"open","ping_status":"closed","template":"","meta":[],"_links":{"self":[{"href":"https:\/\/shworks.eu\/index.php\/wp-json\/wp\/v2\/product\/383"}],"collection":[{"href":"https:\/\/shworks.eu\/index.php\/wp-json\/wp\/v2\/product"}],"about":[{"href":"https:\/\/shworks.eu\/index.php\/wp-json\/wp\/v2\/types\/product"}],"replies":[{"embeddable":true,"href":"https:\/\/shworks.eu\/index.php\/wp-json\/wp\/v2\/comments?post=383"}],"wp:featuredmedia":[{"embeddable":true,"href":"https:\/\/shworks.eu\/index.php\/wp-json\/wp\/v2\/media\/533"}],"wp:attachment":[{"href":"https:\/\/shworks.eu\/index.php\/wp-json\/wp\/v2\/media?parent=383"}],"curies":[{"name":"wp","href":"https:\/\/api.w.org\/{rel}","templated":true}]}}