{"id":395,"date":"2021-03-11T09:47:14","date_gmt":"2021-03-11T09:47:14","guid":{"rendered":"http:\/\/shworks.eu\/?post_type=product&#038;p=395"},"modified":"2025-03-20T11:53:49","modified_gmt":"2025-03-20T11:53:49","slug":"bagazines-dangtis-m3-e46-csl-kupe","status":"publish","type":"product","link":"https:\/\/shworks.eu\/index.php\/produktas\/bagazines-dangtis-m3-e46-csl-kupe\/","title":{"rendered":"BAGA\u017dIN\u0116S DANGTIS &#8220;M3 E46 CSL&#8221; KUP\u0116"},"content":{"rendered":"<p>E46<\/p>\n","protected":false},"excerpt":{"rendered":"<p>E46<\/p>\n","protected":false},"featured_media":550,"comment_status":"open","ping_status":"closed","template":"","meta":[],"_links":{"self":[{"href":"https:\/\/shworks.eu\/index.php\/wp-json\/wp\/v2\/product\/395"}],"collection":[{"href":"https:\/\/shworks.eu\/index.php\/wp-json\/wp\/v2\/product"}],"about":[{"href":"https:\/\/shworks.eu\/index.php\/wp-json\/wp\/v2\/types\/product"}],"replies":[{"embeddable":true,"href":"https:\/\/shworks.eu\/index.php\/wp-json\/wp\/v2\/comments?post=395"}],"wp:featuredmedia":[{"embeddable":true,"href":"https:\/\/shworks.eu\/index.php\/wp-json\/wp\/v2\/media\/550"}],"wp:attachment":[{"href":"https:\/\/shworks.eu\/index.php\/wp-json\/wp\/v2\/media?parent=395"}],"curies":[{"name":"wp","href":"https:\/\/api.w.org\/{rel}","templated":true}]}}