{"id":886,"date":"2021-10-19T07:45:54","date_gmt":"2021-10-19T07:45:54","guid":{"rendered":"http:\/\/shworks.eu\/?post_type=product&#038;p=886"},"modified":"2022-11-04T09:00:57","modified_gmt":"2022-11-04T09:00:57","slug":"30mm-universalus-fenderiai","status":"publish","type":"product","link":"https:\/\/shworks.eu\/index.php\/produktas\/30mm-universalus-fenderiai\/","title":{"rendered":"+30mm universal\u016bs fenderiai"},"content":{"rendered":"","protected":false},"excerpt":{"rendered":"<p>Pagaminta i\u0161 auk\u0161tos kokyb\u0117s FRP materialo, tinka daugeliui lengv\u0173j\u0173 automobili\u0173 modeli\u0173.<\/p>\n<p>Komplekt\u0105 sudaro 4vnt fenderi\u0173, pla\u010diausia vieta 6cm, bet nusipjovus originali\u0105 ark\u0105 i\u0161ne\u0161imas lieka ma\u017eesnis. Galima pirkti ir 2vnt, susisiekite su mumis: SHworksfiber@gmail.com<\/p>\n","protected":false},"featured_media":888,"comment_status":"open","ping_status":"closed","template":"","meta":[],"_links":{"self":[{"href":"https:\/\/shworks.eu\/index.php\/wp-json\/wp\/v2\/product\/886"}],"collection":[{"href":"https:\/\/shworks.eu\/index.php\/wp-json\/wp\/v2\/product"}],"about":[{"href":"https:\/\/shworks.eu\/index.php\/wp-json\/wp\/v2\/types\/product"}],"replies":[{"embeddable":true,"href":"https:\/\/shworks.eu\/index.php\/wp-json\/wp\/v2\/comments?post=886"}],"wp:featuredmedia":[{"embeddable":true,"href":"https:\/\/shworks.eu\/index.php\/wp-json\/wp\/v2\/media\/888"}],"wp:attachment":[{"href":"https:\/\/shworks.eu\/index.php\/wp-json\/wp\/v2\/media?parent=886"}],"curies":[{"name":"wp","href":"https:\/\/api.w.org\/{rel}","templated":true}]}}