{"id":895,"date":"2021-10-19T07:56:09","date_gmt":"2021-10-19T07:56:09","guid":{"rendered":"http:\/\/shworks.eu\/?post_type=product&#038;p=895"},"modified":"2023-09-24T18:30:18","modified_gmt":"2023-09-24T18:30:18","slug":"60mm-universalus-fenderiai","status":"publish","type":"product","link":"https:\/\/shworks.eu\/index.php\/produktas\/60mm-universalus-fenderiai\/","title":{"rendered":"+60mm Universal\u016bs Fenderiai"},"content":{"rendered":"","protected":false},"excerpt":{"rendered":"<p>Pagaminta i\u0161 auk\u0161tos kokyb\u0117s FRP materialo, tinka daugeliui lengv\u0173j\u0173 automobili\u0173 modeli\u0173.<\/p>\n<p>Komplekt\u0105 sudaro 4vnt fenderi\u0173. Galima pirkti ir 2vnt, susisiekite asmenine \u017einute.<\/p>\n","protected":false},"featured_media":899,"comment_status":"open","ping_status":"closed","template":"","meta":[],"_links":{"self":[{"href":"https:\/\/shworks.eu\/index.php\/wp-json\/wp\/v2\/product\/895"}],"collection":[{"href":"https:\/\/shworks.eu\/index.php\/wp-json\/wp\/v2\/product"}],"about":[{"href":"https:\/\/shworks.eu\/index.php\/wp-json\/wp\/v2\/types\/product"}],"replies":[{"embeddable":true,"href":"https:\/\/shworks.eu\/index.php\/wp-json\/wp\/v2\/comments?post=895"}],"wp:featuredmedia":[{"embeddable":true,"href":"https:\/\/shworks.eu\/index.php\/wp-json\/wp\/v2\/media\/899"}],"wp:attachment":[{"href":"https:\/\/shworks.eu\/index.php\/wp-json\/wp\/v2\/media?parent=895"}],"curies":[{"name":"wp","href":"https:\/\/api.w.org\/{rel}","templated":true}]}}