{"id":906,"date":"2021-10-19T08:03:38","date_gmt":"2021-10-19T08:03:38","guid":{"rendered":"http:\/\/shworks.eu\/?post_type=product&#038;p=906"},"modified":"2022-05-26T09:52:37","modified_gmt":"2022-05-26T09:52:37","slug":"e46-coupe-m3-bamperiai-priekinisgalinis","status":"publish","type":"product","link":"https:\/\/shworks.eu\/index.php\/produktas\/e46-coupe-m3-bamperiai-priekinisgalinis\/","title":{"rendered":"E46 Coupe M3 Bamperiai priekinis+galinis"},"content":{"rendered":"","protected":false},"excerpt":{"rendered":"<p>Pagaminta i\u0161 auk\u0161tos kokyb\u0117s frp materialo, tinkantys e46 coupe modeliams.<\/p>\n","protected":false},"featured_media":832,"comment_status":"open","ping_status":"closed","template":"","meta":[],"_links":{"self":[{"href":"https:\/\/shworks.eu\/index.php\/wp-json\/wp\/v2\/product\/906"}],"collection":[{"href":"https:\/\/shworks.eu\/index.php\/wp-json\/wp\/v2\/product"}],"about":[{"href":"https:\/\/shworks.eu\/index.php\/wp-json\/wp\/v2\/types\/product"}],"replies":[{"embeddable":true,"href":"https:\/\/shworks.eu\/index.php\/wp-json\/wp\/v2\/comments?post=906"}],"wp:featuredmedia":[{"embeddable":true,"href":"https:\/\/shworks.eu\/index.php\/wp-json\/wp\/v2\/media\/832"}],"wp:attachment":[{"href":"https:\/\/shworks.eu\/index.php\/wp-json\/wp\/v2\/media?parent=906"}],"curies":[{"name":"wp","href":"https:\/\/api.w.org\/{rel}","templated":true}]}}