{"id":921,"date":"2021-10-19T09:10:58","date_gmt":"2021-10-19T09:10:58","guid":{"rendered":"http:\/\/shworks.eu\/?post_type=product&#038;p=921"},"modified":"2022-11-04T08:51:13","modified_gmt":"2022-11-04T08:51:13","slug":"bmw-e36-coupe-tornado-wide-bodykit-60mm","status":"publish","type":"product","link":"https:\/\/shworks.eu\/index.php\/produktas\/bmw-e36-coupe-tornado-wide-bodykit-60mm\/","title":{"rendered":"BMW e36 Coupe Tornado wide bodykit +60mm"},"content":{"rendered":"","protected":false},"excerpt":{"rendered":"<p>Pagaminta i\u0161 auk\u0161tos kokyb\u0117s FRP materialo, lengvos, tvirtos ir puikiai tinkan\u010dios prie automobilio form\u0173.<\/p>\n<p>Komplekt\u0105 sudaro: 2x priekiniai praplatinimai, 2x galiniai praplatinimai, priekinio bamperio l\u016bpa, 2x gabaliukai ant priekinio bamperio, 2x slenks\u010diai. Montuojasi ant m-tech priekinio bamperio.<\/p>\n","protected":false},"featured_media":925,"comment_status":"open","ping_status":"closed","template":"","meta":[],"_links":{"self":[{"href":"https:\/\/shworks.eu\/index.php\/wp-json\/wp\/v2\/product\/921"}],"collection":[{"href":"https:\/\/shworks.eu\/index.php\/wp-json\/wp\/v2\/product"}],"about":[{"href":"https:\/\/shworks.eu\/index.php\/wp-json\/wp\/v2\/types\/product"}],"replies":[{"embeddable":true,"href":"https:\/\/shworks.eu\/index.php\/wp-json\/wp\/v2\/comments?post=921"}],"wp:featuredmedia":[{"embeddable":true,"href":"https:\/\/shworks.eu\/index.php\/wp-json\/wp\/v2\/media\/925"}],"wp:attachment":[{"href":"https:\/\/shworks.eu\/index.php\/wp-json\/wp\/v2\/media?parent=921"}],"curies":[{"name":"wp","href":"https:\/\/api.w.org\/{rel}","templated":true}]}}