{"id":933,"date":"2021-10-19T09:17:19","date_gmt":"2021-10-19T09:17:19","guid":{"rendered":"http:\/\/shworks.eu\/?post_type=product&#038;p=933"},"modified":"2022-11-04T08:50:37","modified_gmt":"2022-11-04T08:50:37","slug":"bmw-e46-lci-coupe-wide-bodykit-50mm","status":"publish","type":"product","link":"https:\/\/shworks.eu\/index.php\/produktas\/bmw-e46-lci-coupe-wide-bodykit-50mm\/","title":{"rendered":"BMW e46 LCI coupe wide bodykit +50mm"},"content":{"rendered":"","protected":false},"excerpt":{"rendered":"<p>Pagamintas i\u0161 auk\u0161tos kokyb\u0117s FRP materialo, lengvas, tvirtas bei puikiai priglundantis prie automobilio form\u0173. Komplekt\u0105 sudaro: 2x priekiniai sparnai, 2x galiniai ketvir\u010diai, 2x bamperiai<\/p>\n","protected":false},"featured_media":935,"comment_status":"open","ping_status":"closed","template":"","meta":[],"_links":{"self":[{"href":"https:\/\/shworks.eu\/index.php\/wp-json\/wp\/v2\/product\/933"}],"collection":[{"href":"https:\/\/shworks.eu\/index.php\/wp-json\/wp\/v2\/product"}],"about":[{"href":"https:\/\/shworks.eu\/index.php\/wp-json\/wp\/v2\/types\/product"}],"replies":[{"embeddable":true,"href":"https:\/\/shworks.eu\/index.php\/wp-json\/wp\/v2\/comments?post=933"}],"wp:featuredmedia":[{"embeddable":true,"href":"https:\/\/shworks.eu\/index.php\/wp-json\/wp\/v2\/media\/935"}],"wp:attachment":[{"href":"https:\/\/shworks.eu\/index.php\/wp-json\/wp\/v2\/media?parent=933"}],"curies":[{"name":"wp","href":"https:\/\/api.w.org\/{rel}","templated":true}]}}