{"id":941,"date":"2021-10-19T11:33:20","date_gmt":"2021-10-19T11:33:20","guid":{"rendered":"https:\/\/shworks.eu\/?post_type=product&#038;p=941"},"modified":"2025-03-20T11:49:54","modified_gmt":"2025-03-20T11:49:54","slug":"bmw-e30-mt1-full-body-kit-for-daily-car-coupe-convertible","status":"publish","type":"product","link":"https:\/\/shworks.eu\/index.php\/produktas\/bmw-e30-mt1-full-body-kit-for-daily-car-coupe-convertible\/","title":{"rendered":"BMW e30 MT1 full body kit for daily car coupe\/convertible"},"content":{"rendered":"","protected":false},"excerpt":{"rendered":"<p>Pagaminta i\u0161 auk\u0161tos kokyb\u0117s FRP materialo, lengvos, tvirtos bei puikiai priglundan\u010dios prie automobilio form\u0173. Originali\u0173 dali\u0173 kopijos. Komplekte: 1x baga\u017ein\u0117s spoileris, 2x slenks\u010diai, 2x bamperiai.<\/p>\n","protected":false},"featured_media":373,"comment_status":"open","ping_status":"closed","template":"","meta":[],"_links":{"self":[{"href":"https:\/\/shworks.eu\/index.php\/wp-json\/wp\/v2\/product\/941"}],"collection":[{"href":"https:\/\/shworks.eu\/index.php\/wp-json\/wp\/v2\/product"}],"about":[{"href":"https:\/\/shworks.eu\/index.php\/wp-json\/wp\/v2\/types\/product"}],"replies":[{"embeddable":true,"href":"https:\/\/shworks.eu\/index.php\/wp-json\/wp\/v2\/comments?post=941"}],"wp:featuredmedia":[{"embeddable":true,"href":"https:\/\/shworks.eu\/index.php\/wp-json\/wp\/v2\/media\/373"}],"wp:attachment":[{"href":"https:\/\/shworks.eu\/index.php\/wp-json\/wp\/v2\/media?parent=941"}],"curies":[{"name":"wp","href":"https:\/\/api.w.org\/{rel}","templated":true}]}}