{"id":953,"date":"2021-11-24T15:05:44","date_gmt":"2021-11-24T15:05:44","guid":{"rendered":"https:\/\/shworks.eu\/?post_type=product&#038;p=953"},"modified":"2021-11-24T15:56:03","modified_gmt":"2021-11-24T15:56:03","slug":"dovanu-kuponas","status":"publish","type":"product","link":"https:\/\/shworks.eu\/index.php\/produktas\/dovanu-kuponas\/","title":{"rendered":"Dovan\u0173 kuponas"},"content":{"rendered":"<p>SHworks.lt dovan\u0173 kuponas, tai unikali dovana kiekvienam automanui, kuris dalyvauja autosporte arba kuriam patinka patobulintos i\u0161vaizdos automobiliai !<\/p>\n<p>*Dovan\u0173 kupon\u0105 galite \u012fsigyti nuo 50 iki 1000eur<\/p>\n<p>*Po dovan\u0173 kupono \u012fsigijimo keli\u0173 valand\u0173 laikotarpyje gausite el. lai\u0161k\u0105, kuriame bus nuolaidos kodas j\u016bs\u0173 pasirinktai sumai.<\/p>\n","protected":false},"excerpt":{"rendered":"<p>SHworks.lt dovan\u0173 kuponas, tai unikali dovana kiekvienam automanui, kuris dalyvauja autosporte arba kuriam patinka patobulintos i\u0161vaizdos automobiliai ! *Dovan\u0173 kupon\u0105 galite \u012fsigyti nuo 50 iki 1000eur *Po dovan\u0173 kupono \u012fsigijimo keli\u0173 valand\u0173 laikotarpyje gausite el. lai\u0161k\u0105, kuriame bus nuolaidos kodas j\u016bs\u0173 pasirinktai sumai.<\/p>\n","protected":false},"featured_media":301,"comment_status":"open","ping_status":"closed","template":"","meta":[],"_links":{"self":[{"href":"https:\/\/shworks.eu\/index.php\/wp-json\/wp\/v2\/product\/953"}],"collection":[{"href":"https:\/\/shworks.eu\/index.php\/wp-json\/wp\/v2\/product"}],"about":[{"href":"https:\/\/shworks.eu\/index.php\/wp-json\/wp\/v2\/types\/product"}],"replies":[{"embeddable":true,"href":"https:\/\/shworks.eu\/index.php\/wp-json\/wp\/v2\/comments?post=953"}],"wp:featuredmedia":[{"embeddable":true,"href":"https:\/\/shworks.eu\/index.php\/wp-json\/wp\/v2\/media\/301"}],"wp:attachment":[{"href":"https:\/\/shworks.eu\/index.php\/wp-json\/wp\/v2\/media?parent=953"}],"curies":[{"name":"wp","href":"https:\/\/api.w.org\/{rel}","templated":true}]}}